{"id":42,"date":"2023-09-09T15:10:56","date_gmt":"2023-09-09T12:10:56","guid":{"rendered":"https:\/\/welcome.ilves.com\/welcome-to-ilves\/"},"modified":"2023-09-10T23:02:33","modified_gmt":"2023-09-10T20:02:33","slug":"welcome-to-ilves","status":"publish","type":"page","link":"https:\/\/welcome.ilves.com\/cs\/","title":{"rendered":"Welcome to Ilves"},"content":{"rendered":"<section class=\"l-section wpb_row us_custom_ce723eb9 height_small full_height valign_center with_shape\"><div class=\"l-section-shape type_custom pos_top\" style=\"height:15vmin;\"><svg xmlns=\"http:\/\/www.w3.org\/2000\/svg\" viewBox=\"0 0 64 8\" preserveAspectRatio=\"none\" width=\"100%\" height=\"100%\">\r\n\t<path fill=\"currentColor\" d=\"M64 8 L0 8 L0 0 L64 0 Z\"\/>\r\n<\/svg><\/div><div class=\"l-section-shape type_custom pos_bottom\" style=\"height:15vmin;\"><svg xmlns=\"http:\/\/www.w3.org\/2000\/svg\" viewBox=\"0 0 64 8\" preserveAspectRatio=\"none\" width=\"100%\" height=\"100%\">\r\n\t<path fill=\"currentColor\" d=\"M64 8 L0 8 L0 0 L64 0 Z\"\/>\r\n<\/svg><\/div><div class=\"l-section-h i-cf\"><div class=\"g-cols vc_row via_flex valign_top type_default stacking_default\"><div class=\"vc_col-sm-12 wpb_column vc_column_container\"><div class=\"vc_column-inner\"><div class=\"wpb_wrapper\"><div class=\"w-separator size_medium\"><\/div><div class=\"wpb_text_column\"><div class=\"wpb_wrapper\"><p><img loading=\"lazy\" decoding=\"async\" class=\"aligncenter size-full wp-image-30465\" src=\"https:\/\/ilves.com\/wp-content\/uploads\/2022\/09\/ilvescom-logo.png\" alt=\"\" width=\"150\" height=\"150\" \/><\/p>\n<\/div><\/div><div class=\"w-separator size_medium\"><\/div><div class=\"wpb_text_column\"><div class=\"wpb_wrapper\"><h2>P\u0159ihl\u00e1\u0161en\u00ed<\/h2>\n<\/div><\/div><div class=\"w-separator size_small\"><\/div><div class=\"wpb_text_column\"><div class=\"wpb_wrapper\"><p>V\u00edtejte v\u00a0rodin\u011b Ilves! Na t\u011bchto str\u00e1nk\u00e1ch najdete informace, kter\u00e9 v\u00e1m umo\u017en\u00ed snadn\u011bji se usadit v\u00a0Tampere a\u00a0dozv\u011bd\u011bt se v\u00edc o\u00a0va\u0161em nov\u00e9m klubu Ilves.<\/p>\n<\/div><\/div><div class=\"w-separator size_small\"><\/div><div class=\"w-login us-field-style_1\"><div class=\"g-preloader type_1\"><\/div><div class=\"w-profile hidden\"><a class=\"w-profile-link for_user\" href=\"https:\/\/welcome.ilves.com\/wp-admin\/profile.php\"><span class=\"w-profile-avatar\"><img alt='' src='https:\/\/secure.gravatar.com\/avatar\/?s=64&#038;d=mm&#038;r=g' srcset='https:\/\/secure.gravatar.com\/avatar\/?s=128&#038;d=mm&#038;r=g 2x' class='avatar avatar-64 photo avatar-default' height='64' width='64' \/><\/span><span class=\"w-profile-name\"><\/span><\/a><a class=\"w-profile-link for_logout\" href=\"https:\/\/welcome.ilves.com\/wp-login.php?action=logout&#038;redirect_to=https%3A%2F%2Fwelcome.ilves.com%2Fcs&#038;_wpnonce=da70727861\">Log Out<\/a><\/div><form class=\"w-form hidden for_login layout_ver\" action=\"https:\/\/welcome.ilves.com\/wp-login.php\" method=\"post\"><div class=\"w-form-h\"><div class=\"w-form-row for_text required\">\r\n\t\t<div class=\"w-form-row-field\">\r\n\t\t\t\t\t\t<input aria-label=\"Username or Email Address\" type=\"text\" name=\"username\" value placeholder=\"Username or Email Address *\" data-required=\"true\" aria-required=\"true\"\/>\r\n\t\t\t<\/div>\r\n\t\t<div class=\"w-form-row-state\">Pros\u00edm, vypl\u0148te toto pole.<\/div>\r\n<\/div>\r\n<div class=\"w-form-row for_password required\">\r\n\t\t<div class=\"w-form-row-field\">\r\n\t\t\t\t\t\t<input aria-label=\"Password\" type=\"password\" name=\"password\" value placeholder=\"Password *\" data-required=\"true\" aria-required=\"true\"\/>\r\n\t\t\t<\/div>\r\n\t\t<div class=\"w-form-row-state\">Pros\u00edm, vypl\u0148te toto pole.<\/div>\r\n<\/div>\r\n<div class=\"w-form-row for_submit\">\r\n\t<button class=\"w-btn us-btn-style_1\" aria-label=\"Log In\" type=\"submit\">\r\n\t\t<span class=\"g-preloader type_1\"><\/span>\r\n\t\t\t\t<span class=\"w-btn-label\">Log In<\/span>\r\n\t\t\t<\/button>\r\n\t<\/div>\r\n<input type=\"hidden\" name value=\"forever\" \/>\r\n<input type=\"hidden\" id=\"us_login_nonce\" name=\"us_login_nonce\" value=\"56b4537075\" \/><input type=\"hidden\" name=\"_wp_http_referer\" value=\"\/cs\/wp-json\/wp\/v2\/pages\/42\" \/><input type=\"hidden\" name=\"action\" value=\"us_ajax_login\" \/>\r\n<input type=\"hidden\" name=\"redirect_to\" value=\"https:\/\/welcome.ilves.com\/cs\/jsme-ilves\/\" \/>\r\n<\/div><div class=\"w-form-message\"><\/div><div class=\"w-form-json hidden\" onclick='return {&quot;login_redirect&quot;:&quot;https:\\\/\\\/welcome.ilves.com\\\/cs\\\/jsme-ilves\\\/&quot;,&quot;logout_redirect&quot;:&quot;https:\\\/\\\/welcome.ilves.com\\\/cs&quot;,&quot;use_ajax&quot;:true,&quot;ajaxurl&quot;:&quot;https:\\\/\\\/welcome.ilves.com\\\/wp-admin\\\/admin-ajax.php&quot;,&quot;messages&quot;:{&quot;err_empty&quot;:&quot;Pros\\u00edm, vypl\\u0148te toto pole.&quot;,&quot;err_size&quot;:&quot;Velikost souboru nesm\\u00ed p\\u0159ekro\\u010dit %s MB&quot;,&quot;err_extension&quot;:&quot;Form\\u00e1t %s nen\\u00ed povolen&quot;,&quot;err_recaptcha_keys&quot;:&quot;reCAPTCHA kl\\u00ed\\u010de nejsou spr\\u00e1vn\\u00e9&quot;}}'><\/div><\/form><\/div><div class=\"w-separator size_large\"><\/div><\/div><\/div><\/div><\/div><\/div><\/section>\n","protected":false},"excerpt":{"rendered":"P\u0159ihl\u00e1\u0161en\u00ed V\u00edtejte v\u00a0rodin\u011b Ilves! Na t\u011bchto str\u00e1nk\u00e1ch najdete informace, kter\u00e9 v\u00e1m umo\u017en\u00ed snadn\u011bji se usadit v\u00a0Tampere a\u00a0dozv\u011bd\u011bt se v\u00edc o\u00a0va\u0161em nov\u00e9m klubu Ilves. Log Out Pros\u00edm, vypl\u0148te toto pole. Pros\u00edm, vypl\u0148te toto pole. Log In","protected":false},"author":1,"featured_media":0,"parent":0,"menu_order":0,"comment_status":"closed","ping_status":"open","template":"","meta":{"footnotes":""},"class_list":["post-42","page","type-page","status-publish","hentry"],"_links":{"self":[{"href":"https:\/\/welcome.ilves.com\/cs\/wp-json\/wp\/v2\/pages\/42","targetHints":{"allow":["GET"]}}],"collection":[{"href":"https:\/\/welcome.ilves.com\/cs\/wp-json\/wp\/v2\/pages"}],"about":[{"href":"https:\/\/welcome.ilves.com\/cs\/wp-json\/wp\/v2\/types\/page"}],"author":[{"embeddable":true,"href":"https:\/\/welcome.ilves.com\/cs\/wp-json\/wp\/v2\/users\/1"}],"replies":[{"embeddable":true,"href":"https:\/\/welcome.ilves.com\/cs\/wp-json\/wp\/v2\/comments?post=42"}],"version-history":[{"count":2,"href":"https:\/\/welcome.ilves.com\/cs\/wp-json\/wp\/v2\/pages\/42\/revisions"}],"predecessor-version":[{"id":54,"href":"https:\/\/welcome.ilves.com\/cs\/wp-json\/wp\/v2\/pages\/42\/revisions\/54"}],"wp:attachment":[{"href":"https:\/\/welcome.ilves.com\/cs\/wp-json\/wp\/v2\/media?parent=42"}],"curies":[{"name":"wp","href":"https:\/\/api.w.org\/{rel}","templated":true}]}}